{"id":14,"date":"2025-01-21T12:06:19","date_gmt":"2025-01-21T12:06:19","guid":{"rendered":"http:\/\/193.194.91.253\/incubateur\/?page_id=14"},"modified":"2025-12-03T13:31:19","modified_gmt":"2025-12-03T13:31:19","slug":"home","status":"publish","type":"page","link":"https:\/\/incubator.cerist.dz\/fr\/","title":{"rendered":"Accueil"},"content":{"rendered":"<div data-elementor-type=\"wp-page\" data-elementor-id=\"14\" class=\"elementor elementor-14\">\n\t\t\t\t<div class=\"elementor-element elementor-element-7286069 e-flex e-con-boxed e-con e-parent\" data-id=\"7286069\" data-element_type=\"container\">\n\t\t\t\t\t<div class=\"e-con-inner\">\n\t\t<div class=\"elementor-element elementor-element-fb1413d e-con-full e-flex e-con e-child\" data-id=\"fb1413d\" data-element_type=\"container\">\n\t\t\t\t<div class=\"elementor-element elementor-element-bcd1a84 elementor-widget elementor-widget-heading\" data-id=\"bcd1a84\" data-element_type=\"widget\" data-widget_type=\"heading.default\">\n\t\t\t\t<div class=\"elementor-widget-container\">\n\t\t\t\t\t<h2 class=\"elementor-heading-title elementor-size-default\">Valeurs et culture de l'incubateur<\/h2>\t\t\t\t<\/div>\n\t\t\t\t<\/div>\n\t\t\t\t<\/div>\n\t\t\t\t\t<\/div>\n\t\t\t\t<\/div>\n\t\t<div class=\"elementor-element elementor-element-4bf0ec5 e-flex e-con-boxed e-con e-parent\" data-id=\"4bf0ec5\" data-element_type=\"container\">\n\t\t\t\t\t<div class=\"e-con-inner\">\n\t\t\t\t\t<\/div>\n\t\t\t\t<\/div>\n\t\t<div class=\"elementor-element elementor-element-8b88223 e-flex e-con-boxed e-con e-parent\" data-id=\"8b88223\" data-element_type=\"container\">\n\t\t\t\t\t<div class=\"e-con-inner\">\n\t\t<div class=\"elementor-element elementor-element-6762ed5 e-grid e-con-full e-con e-child\" data-id=\"6762ed5\" data-element_type=\"container\">\n\t\t<div class=\"elementor-element elementor-element-43a15b0 e-con-full e-flex e-con e-child\" data-id=\"43a15b0\" data-element_type=\"container\" data-settings=\"{&quot;background_background&quot;:&quot;slideshow&quot;,&quot;background_slideshow_gallery&quot;:[{&quot;id&quot;:427,&quot;url&quot;:&quot;https:\\\/\\\/incubator.cerist.dz\\\/wp-content\\\/uploads\\\/2025\\\/01\\\/\\u2014Pngtree\\u2014vibrant-and-artistic-purple-and_13461776-scaled.jpg&quot;}],&quot;background_slideshow_loop&quot;:&quot;yes&quot;,&quot;background_slideshow_slide_duration&quot;:5000,&quot;background_slideshow_slide_transition&quot;:&quot;fade&quot;,&quot;background_slideshow_transition_duration&quot;:500}\">\n\t\t\t\t<div class=\"elementor-element elementor-element-63a3bbb elementor-invisible elementor-widget elementor-widget-heading\" data-id=\"63a3bbb\" data-element_type=\"widget\" data-settings=\"{&quot;_animation&quot;:&quot;fadeInUp&quot;}\" data-widget_type=\"heading.default\">\n\t\t\t\t<div class=\"elementor-widget-container\">\n\t\t\t\t\t<h2 class=\"elementor-heading-title elementor-size-default\">Valeurs fondamentales<\/h2>\t\t\t\t<\/div>\n\t\t\t\t<\/div>\n\t\t\t\t<div class=\"elementor-element elementor-element-a0dbe3d elementor-invisible elementor-widget elementor-widget-text-editor\" data-id=\"a0dbe3d\" data-element_type=\"widget\" data-settings=\"{&quot;_animation&quot;:&quot;fadeInUp&quot;}\" data-widget_type=\"text-editor.default\">\n\t\t\t\t<div class=\"elementor-widget-container\">\n\t\t\t\t\t\t\t\t\t<ul><li style=\"text-align: justify;\"><span style=\"font-size: 18pt;\"><span style=\"font-size: 18pt;\"><b><\/b><em><span style=\"color: #88175f;\"><strong><b>Innovation: <\/b><\/strong><\/span><\/em><\/span>Encourager l\u2019audace et la cr\u00e9ativit\u00e9 pour d\u00e9velopper des solutions technologiques nouvelles et disruptives.<\/span><\/li><li style=\"text-align: justify;\"><span style=\"font-size: 18pt;\"><span style=\"font-size: 18pt;\"><b><\/b><em><span style=\"color: #88175f;\"><strong><b><span style=\"color: #88175f;\">Collaboration<\/span>: <\/b><\/strong><\/span><\/em><\/span>Favoriser le travail d\u2019\u00e9quipe et la synergie entre les startups, les mentors et les partenaires.<\/span><\/li><li style=\"text-align: justify;\"><span style=\"font-size: 18pt;\"><span style=\"font-size: 18pt;\"><b><\/b><em><span style=\"color: #88175f;\"><strong><b><span style=\"color: #88175f;\">Impact<\/span>: <\/b><\/strong><\/span><\/em><\/span>Soutenir des startups qui ont le potentiel de g\u00e9n\u00e9rer un impact positif sur la soci\u00e9t\u00e9 et l\u2019\u00e9conomie.<\/span><\/li><li style=\"text-align: justify;\"><span style=\"font-size: 18pt; color: #88175f;\"><em><strong>Diversit\u00e9<\/strong><\/em><\/span><em style=\"font-size: 18pt;\"><span style=\"color: #88175f;\"><strong><b>: <\/b><\/strong><\/span><\/em><span style=\"font-size: 18pt;\">Valoriser la diversit\u00e9 des talents et des exp\u00e9riences pour cr\u00e9er un environnement inclusif et stimulant.<\/span><\/li><li style=\"text-align: justify;\"><p><span style=\"font-size: 18pt; color: #88175f;\"><em><strong>Engagement<\/strong><\/em><\/span><em style=\"font-size: 18pt;\"><span style=\"color: #88175f;\"><strong><b>: <\/b><\/strong><\/span><\/em><span style=\"font-size: 18pt;\">Accompagner les startups avec passion et d\u00e9vouement tout au long de leur parcours.<\/span><\/p><\/li><\/ul>\t\t\t\t\t\t\t\t<\/div>\n\t\t\t\t<\/div>\n\t\t\t\t<\/div>\n\t\t<div class=\"elementor-element elementor-element-c534dc0 e-con-full e-flex e-con e-child\" data-id=\"c534dc0\" data-element_type=\"container\" data-settings=\"{&quot;background_background&quot;:&quot;slideshow&quot;,&quot;background_slideshow_gallery&quot;:[{&quot;id&quot;:427,&quot;url&quot;:&quot;https:\\\/\\\/incubator.cerist.dz\\\/wp-content\\\/uploads\\\/2025\\\/01\\\/\\u2014Pngtree\\u2014vibrant-and-artistic-purple-and_13461776-scaled.jpg&quot;}],&quot;background_slideshow_loop&quot;:&quot;yes&quot;,&quot;background_slideshow_slide_duration&quot;:5000,&quot;background_slideshow_slide_transition&quot;:&quot;fade&quot;,&quot;background_slideshow_transition_duration&quot;:500}\">\n\t\t\t\t<div class=\"elementor-element elementor-element-088dd4f elementor-invisible elementor-widget elementor-widget-heading\" data-id=\"088dd4f\" data-element_type=\"widget\" data-settings=\"{&quot;_animation&quot;:&quot;fadeInUp&quot;}\" data-widget_type=\"heading.default\">\n\t\t\t\t<div class=\"elementor-widget-container\">\n\t\t\t\t\t<h2 class=\"elementor-heading-title elementor-size-default\">Culture d'entreprise<\/h2>\t\t\t\t<\/div>\n\t\t\t\t<\/div>\n\t\t\t\t<div class=\"elementor-element elementor-element-fd1b71c elementor-invisible elementor-widget elementor-widget-text-editor\" data-id=\"fd1b71c\" data-element_type=\"widget\" data-settings=\"{&quot;_animation&quot;:&quot;fadeInUp&quot;}\" data-widget_type=\"text-editor.default\">\n\t\t\t\t<div class=\"elementor-widget-container\">\n\t\t\t\t\t\t\t\t\t<ul><li style=\"text-align: justify;\"><b><\/b><p><span style=\"font-size: 18pt;\"><span style=\"color: #88175f;\"><em><strong><span style=\"color: #88175f;\">Dynamique<\/span> et entrepreneuriale:<\/strong><\/em><\/span> Un environnement propice \u00e0 la prise de risque et \u00e0 l\u2019apprentissage par l\u2019exp\u00e9rimentation.<\/span><\/p><\/li><li style=\"text-align: justify;\"><p><span style=\"font-size: 18pt;\"><em><strong><span style=\"color: #88175f;\">Ouverte et collaborative:<\/span><\/strong><\/em> Un esprit d\u2019entraide et de partage de connaissances entre les membres de l\u2019incubateur.<\/span><\/p><\/li><li style=\"text-align: justify;\"><p><span style=\"font-size: 18pt;\"><em><strong><span style=\"color: #88175f;\">Exigeante et bienveillante:<\/span> <\/strong><\/em>Un accompagnement personnalis\u00e9 et rigoureux pour aider les startups \u00e0 atteindre leur plein potentiel.<\/span><\/p><\/li><li style=\"text-align: justify;\"><p><span style=\"font-size: 18pt;\"><em><strong><span style=\"color: #88175f;\">Transparente et responsable:<\/span> <\/strong><\/em>Une communication claire et transparente sur les objectifs et les r\u00e9sultats de l\u2019incubateur.<\/span><\/p><\/li><li style=\"text-align: justify;\"><p><span style=\"font-size: 18pt;\"><em><strong><span style=\"color: #88175f;\">Positive et inspirante:<\/span><\/strong><\/em> Un environnement qui encourage l\u2019ambition et la r\u00e9ussite des startups.<\/span><\/p><\/li><\/ul>\t\t\t\t\t\t\t\t<\/div>\n\t\t\t\t<\/div>\n\t\t\t\t<\/div>\n\t\t\t\t<\/div>\n\t\t\t\t\t<\/div>\n\t\t\t\t<\/div>\n\t\t<div class=\"elementor-element elementor-element-fc319e9 e-flex e-con-boxed e-con e-parent\" data-id=\"fc319e9\" data-element_type=\"container\">\n\t\t\t\t\t<div class=\"e-con-inner\">\n\t\t<div class=\"elementor-element elementor-element-6eaf6e8 e-grid e-con-full e-con e-child\" data-id=\"6eaf6e8\" data-element_type=\"container\">\n\t\t<div class=\"elementor-element elementor-element-a86aeab e-con-full e-flex e-con e-child\" data-id=\"a86aeab\" data-element_type=\"container\" data-settings=\"{&quot;background_background&quot;:&quot;slideshow&quot;,&quot;background_slideshow_gallery&quot;:[{&quot;id&quot;:427,&quot;url&quot;:&quot;https:\\\/\\\/incubator.cerist.dz\\\/wp-content\\\/uploads\\\/2025\\\/01\\\/\\u2014Pngtree\\u2014vibrant-and-artistic-purple-and_13461776-scaled.jpg&quot;}],&quot;background_slideshow_loop&quot;:&quot;yes&quot;,&quot;background_slideshow_slide_duration&quot;:5000,&quot;background_slideshow_slide_transition&quot;:&quot;fade&quot;,&quot;background_slideshow_transition_duration&quot;:500}\">\n\t\t\t\t<div class=\"elementor-element elementor-element-1ab3240 elementor-invisible elementor-widget elementor-widget-text-editor\" data-id=\"1ab3240\" data-element_type=\"widget\" data-settings=\"{&quot;_animation&quot;:&quot;fadeInUp&quot;}\" data-widget_type=\"text-editor.default\">\n\t\t\t\t<div class=\"elementor-widget-container\">\n\t\t\t\t\t\t\t\t\t<p><strong><span style=\"font-size: 18pt; color: #88175f;\">En plus de ces valeurs et de cette culture, l\u2019incubateur s\u2019engage \u00e0:<\/span><\/strong><\/p><ul style=\"list-style-type: square;\"><li><p><span style=\"font-size: 18pt;\"><strong>Respecter l\u2019\u00e9thique et la d\u00e9ontologie<\/strong> dans toutes ses actions.<\/span><\/p><\/li><li><p><span style=\"font-size: 18pt;\"><strong>Promouvoir la responsabilit\u00e9 sociale et environnementale<\/strong> aupr\u00e8s des startups accompagn\u00e9es.<\/span><\/p><\/li><li><p><span style=\"font-size: 18pt;\"><strong>Contribuer au d\u00e9veloppement<\/strong> de l\u2019\u00e9cosyst\u00e8me technologique\u00a0local et national.<\/span><\/p><\/li><\/ul>\t\t\t\t\t\t\t\t<\/div>\n\t\t\t\t<\/div>\n\t\t\t\t<\/div>\n\t\t\t\t<\/div>\n\t\t\t\t\t<\/div>\n\t\t\t\t<\/div>\n\t\t\t\t<\/div>","protected":false},"excerpt":{"rendered":"<p>Values and Culture of the Incubator Core Values Innovation: Encouraging boldness and creativity to develop new and disruptive technological solutions. [&hellip;]<\/p>","protected":false},"author":1,"featured_media":0,"parent":0,"menu_order":0,"comment_status":"closed","ping_status":"closed","template":"","meta":{"site-sidebar-layout":"no-sidebar","site-content-layout":"plain-container","ast-site-content-layout":"","site-content-style":"default","site-sidebar-style":"default","ast-global-header-display":"","ast-banner-title-visibility":"","ast-main-header-display":"","ast-hfb-above-header-display":"","ast-hfb-below-header-display":"","ast-hfb-mobile-header-display":"","site-post-title":"disabled","ast-breadcrumbs-content":"","ast-featured-img":"","footer-sml-layout":"","theme-transparent-header-meta":"enabled","adv-header-id-meta":"","stick-header-meta":"","header-above-stick-meta":"","header-main-stick-meta":"","header-below-stick-meta":"","astra-migrate-meta-layouts":"default","ast-page-background-enabled":"default","ast-page-background-meta":{"desktop":{"background-color":"var(--ast-global-color-5)","background-image":"","background-repeat":"repeat","background-position":"center center","background-size":"auto","background-attachment":"scroll","background-type":"","background-media":"","overlay-type":"","overlay-color":"","overlay-opacity":"","overlay-gradient":""},"tablet":{"background-color":"","background-image":"","background-repeat":"repeat","background-position":"center center","background-size":"auto","background-attachment":"scroll","background-type":"","background-media":"","overlay-type":"","overlay-color":"","overlay-opacity":"","overlay-gradient":""},"mobile":{"background-color":"","background-image":"","background-repeat":"repeat","background-position":"center center","background-size":"auto","background-attachment":"scroll","background-type":"","background-media":"","overlay-type":"","overlay-color":"","overlay-opacity":"","overlay-gradient":""}},"ast-content-background-meta":{"desktop":{"background-color":"var(--ast-global-color-4)","background-image":"","background-repeat":"repeat","background-position":"center center","background-size":"auto","background-attachment":"scroll","background-type":"","background-media":"","overlay-type":"","overlay-color":"","overlay-opacity":"","overlay-gradient":""},"tablet":{"background-color":"var(--ast-global-color-4)","background-image":"","background-repeat":"repeat","background-position":"center center","background-size":"auto","background-attachment":"scroll","background-type":"","background-media":"","overlay-type":"","overlay-color":"","overlay-opacity":"","overlay-gradient":""},"mobile":{"background-color":"var(--ast-global-color-4)","background-image":"","background-repeat":"repeat","background-position":"center center","background-size":"auto","background-attachment":"scroll","background-type":"","background-media":"","overlay-type":"","overlay-color":"","overlay-opacity":"","overlay-gradient":""}},"footnotes":""},"class_list":["post-14","page","type-page","status-publish","hentry"],"_links":{"self":[{"href":"https:\/\/incubator.cerist.dz\/fr\/wp-json\/wp\/v2\/pages\/14","targetHints":{"allow":["GET"]}}],"collection":[{"href":"https:\/\/incubator.cerist.dz\/fr\/wp-json\/wp\/v2\/pages"}],"about":[{"href":"https:\/\/incubator.cerist.dz\/fr\/wp-json\/wp\/v2\/types\/page"}],"author":[{"embeddable":true,"href":"https:\/\/incubator.cerist.dz\/fr\/wp-json\/wp\/v2\/users\/1"}],"replies":[{"embeddable":true,"href":"https:\/\/incubator.cerist.dz\/fr\/wp-json\/wp\/v2\/comments?post=14"}],"version-history":[{"count":50,"href":"https:\/\/incubator.cerist.dz\/fr\/wp-json\/wp\/v2\/pages\/14\/revisions"}],"predecessor-version":[{"id":727,"href":"https:\/\/incubator.cerist.dz\/fr\/wp-json\/wp\/v2\/pages\/14\/revisions\/727"}],"wp:attachment":[{"href":"https:\/\/incubator.cerist.dz\/fr\/wp-json\/wp\/v2\/media?parent=14"}],"curies":[{"name":"wp","href":"https:\/\/api.w.org\/{rel}","templated":true}]}}