{"id":41,"date":"2025-01-21T13:18:45","date_gmt":"2025-01-21T13:18:45","guid":{"rendered":"http:\/\/193.194.91.253\/incubateur\/?page_id=41"},"modified":"2025-12-03T14:12:36","modified_gmt":"2025-12-03T14:12:36","slug":"programme","status":"publish","type":"page","link":"https:\/\/incubator.cerist.dz\/fr\/programme\/","title":{"rendered":"Programme"},"content":{"rendered":"<div data-elementor-type=\"wp-page\" data-elementor-id=\"41\" class=\"elementor elementor-41\">\n\t\t\t\t<div class=\"elementor-element elementor-element-afc44f6 e-flex e-con-boxed e-con e-parent\" data-id=\"afc44f6\" data-element_type=\"container\">\n\t\t\t\t\t<div class=\"e-con-inner\">\n\t\t\t\t<div class=\"elementor-element elementor-element-76443c3 elementor-widget elementor-widget-heading\" data-id=\"76443c3\" data-element_type=\"widget\" data-widget_type=\"heading.default\">\n\t\t\t\t<div class=\"elementor-widget-container\">\n\t\t\t\t\t<h2 class=\"elementor-heading-title elementor-size-default\">Programmes d'Accompagnement<\/h2>\t\t\t\t<\/div>\n\t\t\t\t<\/div>\n\t\t\t\t\t<\/div>\n\t\t\t\t<\/div>\n\t\t<div class=\"elementor-element elementor-element-e2f3d6a e-flex e-con-boxed e-con e-parent\" data-id=\"e2f3d6a\" data-element_type=\"container\">\n\t\t\t\t\t<div class=\"e-con-inner\">\n\t\t\t\t\t<\/div>\n\t\t\t\t<\/div>\n\t\t<div class=\"elementor-element elementor-element-30d3114 e-flex e-con-boxed e-con e-parent\" data-id=\"30d3114\" data-element_type=\"container\">\n\t\t\t\t\t<div class=\"e-con-inner\">\n\t\t\t\t<div class=\"elementor-element elementor-element-f870df0 e-n-tabs-mobile elementor-widget elementor-widget-n-tabs\" data-id=\"f870df0\" data-element_type=\"widget\" data-settings=\"{&quot;horizontal_scroll&quot;:&quot;disable&quot;}\" data-widget_type=\"nested-tabs.default\">\n\t\t\t\t<div class=\"elementor-widget-container\">\n\t\t\t\t\t\t\t<div class=\"e-n-tabs\" data-widget-number=\"260509168\" aria-label=\"Tabs. Open items with Enter or Space, close with Escape and navigate using the Arrow keys.\">\n\t\t\t<div class=\"e-n-tabs-heading\" role=\"tablist\">\n\t\t\t\t\t<button id=\"e-n-tab-title-2605091681\" class=\"e-n-tab-title\" aria-selected=\"true\" data-tab-index=\"1\" role=\"tab\" tabindex=\"0\" aria-controls=\"e-n-tab-content-2605091681\" style=\"--n-tabs-title-order: 1;\">\n\t\t\t\t\t\t<span class=\"e-n-tab-title-text\">\n\t\t\t\tProgramme d\u2019Incubation\t\t\t<\/span>\n\t\t<\/button>\n\t\t\t\t<button id=\"e-n-tab-title-2605091682\" class=\"e-n-tab-title\" aria-selected=\"false\" data-tab-index=\"2\" role=\"tab\" tabindex=\"-1\" aria-controls=\"e-n-tab-content-2605091682\" style=\"--n-tabs-title-order: 2;\">\n\t\t\t\t\t\t<span class=\"e-n-tab-title-text\">\n\t\t\t\tProgramme d\u2019Acc\u00e9l\u00e9ration\t\t\t<\/span>\n\t\t<\/button>\n\t\t\t\t<button id=\"e-n-tab-title-2605091683\" class=\"e-n-tab-title\" aria-selected=\"false\" data-tab-index=\"3\" role=\"tab\" tabindex=\"-1\" aria-controls=\"e-n-tab-content-2605091683\" style=\"--n-tabs-title-order: 3;\">\n\t\t\t\t\t\t<span class=\"e-n-tab-title-text\">\n\t\t\t\tProgramme de Mentorat\t\t\t<\/span>\n\t\t<\/button>\n\t\t\t\t\t<\/div>\n\t\t\t<div class=\"e-n-tabs-content\">\n\t\t\t\t<div id=\"e-n-tab-content-2605091681\" role=\"tabpanel\" aria-labelledby=\"e-n-tab-title-2605091681\" data-tab-index=\"1\" style=\"--n-tabs-title-order: 1;\" class=\"e-active elementor-element elementor-element-96d2a24 e-con-full e-flex e-con e-child\" data-id=\"96d2a24\" data-element_type=\"container\" data-settings=\"{&quot;background_background&quot;:&quot;slideshow&quot;,&quot;background_slideshow_gallery&quot;:[{&quot;id&quot;:427,&quot;url&quot;:&quot;https:\\\/\\\/incubator.cerist.dz\\\/wp-content\\\/uploads\\\/2025\\\/01\\\/\\u2014Pngtree\\u2014vibrant-and-artistic-purple-and_13461776-scaled.jpg&quot;}],&quot;background_slideshow_loop&quot;:&quot;yes&quot;,&quot;background_slideshow_slide_duration&quot;:5000,&quot;background_slideshow_slide_transition&quot;:&quot;fade&quot;,&quot;background_slideshow_transition_duration&quot;:500}\">\n\t\t\t\t<div class=\"elementor-element elementor-element-b08415f elementor-invisible elementor-widget elementor-widget-text-editor\" data-id=\"b08415f\" data-element_type=\"widget\" data-settings=\"{&quot;_animation&quot;:&quot;fadeIn&quot;}\" data-widget_type=\"text-editor.default\">\n\t\t\t\t<div class=\"elementor-widget-container\">\n\t\t\t\t\t\t\t\t\t<p><span style=\"font-size: 18pt; color: #88175f;\"><strong>Dur\u00e9e<\/strong><\/span><span style=\"font-size: 18pt;\"><span style=\"color: #88175f;\"><b>: <\/b><\/span><\/span><span style=\"font-size: 18pt; color: #092552;\">6 \u00e0 12 mois<\/span><\/p><p><span style=\"color: #88175f;\"><strong><span style=\"font-size: 18pt;\">Cibles<\/span><\/strong><\/span><span style=\"font-size: 18pt;\"><span style=\"color: #88175f;\"><b>: <\/b><\/span><\/span><span style=\"font-size: 18pt; color: #092552;\">Startups en phase de d\u00e9marrage et de d\u00e9veloppement<\/span><\/p><p><span style=\"font-size: 18pt; color: #88175f;\"><b>Services:<\/b><\/span><\/p><ul style=\"list-style-type: square;\"><li><p><span style=\"font-size: 18pt; color: #092552;\">Formations et ateliers sur divers aspects du business (finance, marketing, etc.)<\/span><\/p><\/li><li><p><span style=\"font-size: 18pt; color: #092552;\">Mentorat personnalis\u00e9 par des experts du domaine<\/span><\/p><\/li><li><p><span style=\"color: #092552; font-size: 18pt;\">Acc\u00e8s \u00e0 des infrastructures et des services (espaces de travail, logiciels, etc.)<\/span><\/p><\/li><li><p><span style=\"color: #092552; font-size: 18pt;\">Mise en relation avec des investisseurs et des partenaires potentiels<\/span><\/p><\/li><li><p><span style=\"color: #092552; font-size: 18pt;\">Organisation de pitch days et d\u2019\u00e9v\u00e9nements de networking<\/span><\/p><\/li><\/ul>\t\t\t\t\t\t\t\t<\/div>\n\t\t\t\t<\/div>\n\t\t\t\t<\/div>\n\t\t<div id=\"e-n-tab-content-2605091682\" role=\"tabpanel\" aria-labelledby=\"e-n-tab-title-2605091682\" data-tab-index=\"2\" style=\"--n-tabs-title-order: 2;\" class=\"elementor-element elementor-element-fd72072 e-con-full e-flex e-con e-child\" data-id=\"fd72072\" data-element_type=\"container\" data-settings=\"{&quot;background_background&quot;:&quot;slideshow&quot;,&quot;background_slideshow_gallery&quot;:[{&quot;id&quot;:427,&quot;url&quot;:&quot;https:\\\/\\\/incubator.cerist.dz\\\/wp-content\\\/uploads\\\/2025\\\/01\\\/\\u2014Pngtree\\u2014vibrant-and-artistic-purple-and_13461776-scaled.jpg&quot;}],&quot;background_slideshow_loop&quot;:&quot;yes&quot;,&quot;background_slideshow_slide_duration&quot;:5000,&quot;background_slideshow_slide_transition&quot;:&quot;fade&quot;,&quot;background_slideshow_transition_duration&quot;:500}\">\n\t\t\t\t<div class=\"elementor-element elementor-element-34f1301 elementor-invisible elementor-widget elementor-widget-text-editor\" data-id=\"34f1301\" data-element_type=\"widget\" data-settings=\"{&quot;_animation&quot;:&quot;fadeIn&quot;}\" data-widget_type=\"text-editor.default\">\n\t\t\t\t<div class=\"elementor-widget-container\">\n\t\t\t\t\t\t\t\t\t<p><span style=\"font-size: 18pt;\"><span style=\"color: #88175f;\"><b>Dur\u00e9e: <\/b><span style=\"font-size: 18pt; color: #092552;\">3 \u00e0 6 mois<\/span><\/span><\/span><\/p><p><span style=\"font-size: 18pt;\"><span style=\"color: #88175f;\"><b>Cibles:<\/b><\/span><\/span><\/p><p><span style=\"font-size: 18pt; color: #092552;\">Startups with high growth potential<\/span><\/p><p><span style=\"font-size: 18pt; color: #88175f;\"><b>Services:<\/b><\/span><\/p><ul style=\"list-style-type: square;\"><li><p><span style=\"color: #092552; font-size: 18pt;\">Coaching intensif pour la croissance et la lev\u00e9e de fonds<\/span><\/p><\/li><li><p><span style=\"color: #092552; font-size: 18pt;\">Acc\u00e8s \u00e0 un r\u00e9seau d\u2019investisseurs et d\u2019experts<\/span><\/p><\/li><li><p><span style=\"color: #092552; font-size: 18pt;\">Mise en relation avec des entreprises pour des collaborations<\/span><\/p><\/li><li><p><span style=\"color: #092552; font-size: 18pt;\">Aide \u00e0 la pr\u00e9paration de plans d\u2019affaires et de pitchs<\/span><\/p><\/li><\/ul>\t\t\t\t\t\t\t\t<\/div>\n\t\t\t\t<\/div>\n\t\t\t\t<\/div>\n\t\t<div id=\"e-n-tab-content-2605091683\" role=\"tabpanel\" aria-labelledby=\"e-n-tab-title-2605091683\" data-tab-index=\"3\" style=\"--n-tabs-title-order: 3;\" class=\"elementor-element elementor-element-55b7927 e-con-full e-flex e-con e-child\" data-id=\"55b7927\" data-element_type=\"container\" data-settings=\"{&quot;background_background&quot;:&quot;slideshow&quot;,&quot;background_slideshow_gallery&quot;:[{&quot;id&quot;:427,&quot;url&quot;:&quot;https:\\\/\\\/incubator.cerist.dz\\\/wp-content\\\/uploads\\\/2025\\\/01\\\/\\u2014Pngtree\\u2014vibrant-and-artistic-purple-and_13461776-scaled.jpg&quot;}],&quot;background_slideshow_loop&quot;:&quot;yes&quot;,&quot;background_slideshow_slide_duration&quot;:5000,&quot;background_slideshow_slide_transition&quot;:&quot;fade&quot;,&quot;background_slideshow_transition_duration&quot;:500}\">\n\t\t<div class=\"elementor-element elementor-element-8217092 e-grid e-con-boxed e-con e-child\" data-id=\"8217092\" data-element_type=\"container\">\n\t\t\t\t\t<div class=\"e-con-inner\">\n\t\t<div class=\"elementor-element elementor-element-7e30b60 e-con-full e-flex e-con e-child\" data-id=\"7e30b60\" data-element_type=\"container\">\n\t\t\t\t<div class=\"elementor-element elementor-element-64e76a6 elementor-invisible elementor-widget elementor-widget-text-editor\" data-id=\"64e76a6\" data-element_type=\"widget\" data-settings=\"{&quot;_animation&quot;:&quot;fadeIn&quot;}\" data-widget_type=\"text-editor.default\">\n\t\t\t\t<div class=\"elementor-widget-container\">\n\t\t\t\t\t\t\t\t\t<h3 style=\"text-align: left;\"><span style=\"color: #88175f;\">1. <\/span><span style=\"font-size: 18pt;\"><strong><span style=\"color: #88175f;\">Mentorat individuel<\/span><\/strong><\/span><span style=\"color: #88175f;\"><b>:<\/b><\/span><\/h3><ul style=\"list-style-type: square;\"><li style=\"text-align: justify;\"><p><span style=\"font-size: 18pt; color: #092552;\">Un mentor exp\u00e9riment\u00e9 est assign\u00e9 \u00e0 chaque startup pour un accompagnement personnalis\u00e9<\/span><\/p><\/li><li style=\"text-align: left;\"><p><span style=\"color: #092552; font-size: 18pt;\">Le mentorat est individualis\u00e9 en fonction des besoins de la startup<\/span><\/p><\/li><\/ul>\t\t\t\t\t\t\t\t<\/div>\n\t\t\t\t<\/div>\n\t\t\t\t<\/div>\n\t\t<div class=\"elementor-element elementor-element-d2dcb04 e-con-full e-flex e-con e-child\" data-id=\"d2dcb04\" data-element_type=\"container\">\n\t\t\t\t<div class=\"elementor-element elementor-element-2117db0 elementor-invisible elementor-widget elementor-widget-text-editor\" data-id=\"2117db0\" data-element_type=\"widget\" data-settings=\"{&quot;_animation&quot;:&quot;fadeIn&quot;}\" data-widget_type=\"text-editor.default\">\n\t\t\t\t<div class=\"elementor-widget-container\">\n\t\t\t\t\t\t\t\t\t<h3><span style=\"color: #88175f;\">2. <\/span><span style=\"color: #88175f; font-size: 18pt;\">Mentorat collectif:\u00a0<\/span><\/h3><ul style=\"list-style-type: square;\"><li style=\"text-align: left;\"><p><span style=\"font-size: 18pt; color: #092552;\">Des ateliers et des formations th\u00e9matiques organis\u00e9s avec des mentors experts<\/span><\/p><\/li><li style=\"text-align: left;\"><p><span style=\"color: #092552; font-size: 18pt;\">Ce format permet d\u2019\u00e9changer et de partager des bonnes pratiques entre startups<\/span><\/p><\/li><\/ul>\t\t\t\t\t\t\t\t<\/div>\n\t\t\t\t<\/div>\n\t\t\t\t<\/div>\n\t\t<div class=\"elementor-element elementor-element-31c8229 e-con-full e-flex e-con e-child\" data-id=\"31c8229\" data-element_type=\"container\">\n\t\t\t\t<div class=\"elementor-element elementor-element-3816227 elementor-invisible elementor-widget elementor-widget-text-editor\" data-id=\"3816227\" data-element_type=\"widget\" data-settings=\"{&quot;_animation&quot;:&quot;fadeIn&quot;}\" data-widget_type=\"text-editor.default\">\n\t\t\t\t<div class=\"elementor-widget-container\">\n\t\t\t\t\t\t\t\t\t<h3><span style=\"color: #88175f;\">3. <\/span><span style=\"color: #88175f; font-size: 18pt;\">Mentorat \u00e0 distance<\/span><span style=\"color: #88175f;\"><b>:<\/b><\/span><\/h3><ul style=\"list-style-type: square;\"><li style=\"text-align: left;\"><p><span style=\"color: #092552; font-size: 18pt;\">Le mentorat peut se faire \u00e0 distance via des plateformes en ligne ou des visioconf\u00e9rences<\/span><\/p><\/li><\/ul><ul style=\"list-style-type: square;\"><li style=\"text-align: justify;\"><p><span style=\"color: #092552; font-size: 18pt;\">Cette option permet de flexibiliser l\u2019accompagnement et de s\u2019affranchir des contraintes g\u00e9ographiques<\/span><\/p><\/li><\/ul>\t\t\t\t\t\t\t\t<\/div>\n\t\t\t\t<\/div>\n\t\t\t\t<\/div>\n\t\t\t\t\t<\/div>\n\t\t\t\t<\/div>\n\t\t\t\t<\/div>\n\t\t\t\t\t<\/div>\n\t\t<\/div>\n\t\t\t\t\t\t<\/div>\n\t\t\t\t<\/div>\n\t\t\t\t\t<\/div>\n\t\t\t\t<\/div>\n\t\t\t\t<\/div>","protected":false},"excerpt":{"rendered":"<p>Support Programs Incubation Program Acceleration Program Mentorship Program Duration: 6 to 12 months Target: Startups in the early and growth [&hellip;]<\/p>","protected":false},"author":1,"featured_media":0,"parent":0,"menu_order":0,"comment_status":"closed","ping_status":"closed","template":"","meta":{"site-sidebar-layout":"no-sidebar","site-content-layout":"","ast-site-content-layout":"full-width-container","site-content-style":"default","site-sidebar-style":"default","ast-global-header-display":"","ast-banner-title-visibility":"","ast-main-header-display":"","ast-hfb-above-header-display":"","ast-hfb-below-header-display":"","ast-hfb-mobile-header-display":"","site-post-title":"disabled","ast-breadcrumbs-content":"","ast-featured-img":"disabled","footer-sml-layout":"","theme-transparent-header-meta":"","adv-header-id-meta":"","stick-header-meta":"","header-above-stick-meta":"","header-main-stick-meta":"","header-below-stick-meta":"","astra-migrate-meta-layouts":"default","ast-page-background-enabled":"default","ast-page-background-meta":{"desktop":{"background-color":"var(--ast-global-color-5)","background-image":"","background-repeat":"repeat","background-position":"center center","background-size":"auto","background-attachment":"scroll","background-type":"","background-media":"","overlay-type":"","overlay-color":"","overlay-opacity":"","overlay-gradient":""},"tablet":{"background-color":"","background-image":"","background-repeat":"repeat","background-position":"center center","background-size":"auto","background-attachment":"scroll","background-type":"","background-media":"","overlay-type":"","overlay-color":"","overlay-opacity":"","overlay-gradient":""},"mobile":{"background-color":"","background-image":"","background-repeat":"repeat","background-position":"center center","background-size":"auto","background-attachment":"scroll","background-type":"","background-media":"","overlay-type":"","overlay-color":"","overlay-opacity":"","overlay-gradient":""}},"ast-content-background-meta":{"desktop":{"background-color":"var(--ast-global-color-4)","background-image":"","background-repeat":"repeat","background-position":"center center","background-size":"auto","background-attachment":"scroll","background-type":"","background-media":"","overlay-type":"","overlay-color":"","overlay-opacity":"","overlay-gradient":""},"tablet":{"background-color":"var(--ast-global-color-4)","background-image":"","background-repeat":"repeat","background-position":"center center","background-size":"auto","background-attachment":"scroll","background-type":"","background-media":"","overlay-type":"","overlay-color":"","overlay-opacity":"","overlay-gradient":""},"mobile":{"background-color":"var(--ast-global-color-4)","background-image":"","background-repeat":"repeat","background-position":"center center","background-size":"auto","background-attachment":"scroll","background-type":"","background-media":"","overlay-type":"","overlay-color":"","overlay-opacity":"","overlay-gradient":""}},"footnotes":""},"class_list":["post-41","page","type-page","status-publish","hentry"],"_links":{"self":[{"href":"https:\/\/incubator.cerist.dz\/fr\/wp-json\/wp\/v2\/pages\/41","targetHints":{"allow":["GET"]}}],"collection":[{"href":"https:\/\/incubator.cerist.dz\/fr\/wp-json\/wp\/v2\/pages"}],"about":[{"href":"https:\/\/incubator.cerist.dz\/fr\/wp-json\/wp\/v2\/types\/page"}],"author":[{"embeddable":true,"href":"https:\/\/incubator.cerist.dz\/fr\/wp-json\/wp\/v2\/users\/1"}],"replies":[{"embeddable":true,"href":"https:\/\/incubator.cerist.dz\/fr\/wp-json\/wp\/v2\/comments?post=41"}],"version-history":[{"count":163,"href":"https:\/\/incubator.cerist.dz\/fr\/wp-json\/wp\/v2\/pages\/41\/revisions"}],"predecessor-version":[{"id":799,"href":"https:\/\/incubator.cerist.dz\/fr\/wp-json\/wp\/v2\/pages\/41\/revisions\/799"}],"wp:attachment":[{"href":"https:\/\/incubator.cerist.dz\/fr\/wp-json\/wp\/v2\/media?parent=41"}],"curies":[{"name":"wp","href":"https:\/\/api.w.org\/{rel}","templated":true}]}}