{"id":43,"date":"2025-01-21T13:19:42","date_gmt":"2025-01-21T13:19:42","guid":{"rendered":"http:\/\/193.194.91.253\/incubateur\/?page_id=43"},"modified":"2025-12-03T13:38:57","modified_gmt":"2025-12-03T13:38:57","slug":"technologies-cibles","status":"publish","type":"page","link":"https:\/\/incubator.cerist.dz\/fr\/technologies-cibles\/","title":{"rendered":"Technologies cibles"},"content":{"rendered":"<div data-elementor-type=\"wp-page\" data-elementor-id=\"43\" class=\"elementor elementor-43\">\n\t\t\t\t<div class=\"elementor-element elementor-element-f653397 e-flex e-con-boxed e-con e-parent\" data-id=\"f653397\" data-element_type=\"container\">\n\t\t\t\t\t<div class=\"e-con-inner\">\n\t\t<div class=\"elementor-element elementor-element-4e5fbc3 e-con-full e-flex e-con e-child\" data-id=\"4e5fbc3\" data-element_type=\"container\">\n\t\t\t\t<div class=\"elementor-element elementor-element-7044d1f elementor-widget elementor-widget-heading\" data-id=\"7044d1f\" data-element_type=\"widget\" data-widget_type=\"heading.default\">\n\t\t\t\t<div class=\"elementor-widget-container\">\n\t\t\t\t\t<h2 class=\"elementor-heading-title elementor-size-default\">Technologies Cibles pour l'Incubateur du CERIST<\/h2>\t\t\t\t<\/div>\n\t\t\t\t<\/div>\n\t\t\t\t<\/div>\n\t\t\t\t\t<\/div>\n\t\t\t\t<\/div>\n\t\t<div class=\"elementor-element elementor-element-498b148 e-flex e-con-boxed e-con e-parent\" data-id=\"498b148\" data-element_type=\"container\">\n\t\t\t\t\t<div class=\"e-con-inner\">\n\t\t\t\t\t<\/div>\n\t\t\t\t<\/div>\n\t\t<div class=\"elementor-element elementor-element-e0a338f e-grid e-con-boxed e-con e-parent\" data-id=\"e0a338f\" data-element_type=\"container\">\n\t\t\t\t\t<div class=\"e-con-inner\">\n\t\t<div class=\"elementor-element elementor-element-58ba361 e-con-full e-flex e-con e-child\" data-id=\"58ba361\" data-element_type=\"container\" data-settings=\"{&quot;background_background&quot;:&quot;slideshow&quot;,&quot;background_slideshow_gallery&quot;:[{&quot;id&quot;:283,&quot;url&quot;:&quot;https:\\\/\\\/incubator.cerist.dz\\\/wp-content\\\/uploads\\\/2025\\\/01\\\/S4.jpg&quot;}],&quot;background_slideshow_loop&quot;:&quot;yes&quot;,&quot;background_slideshow_slide_duration&quot;:5000,&quot;background_slideshow_slide_transition&quot;:&quot;fade&quot;,&quot;background_slideshow_transition_duration&quot;:500}\">\n\t\t\t\t<div class=\"elementor-element elementor-element-3785a8b elementor-invisible elementor-widget elementor-widget-heading\" data-id=\"3785a8b\" data-element_type=\"widget\" data-settings=\"{&quot;_animation&quot;:&quot;fadeInUp&quot;}\" data-widget_type=\"heading.default\">\n\t\t\t\t<div class=\"elementor-widget-container\">\n\t\t\t\t\t<h2 class=\"elementor-heading-title elementor-size-default\">Technologies essentielles<\/h2>\t\t\t\t<\/div>\n\t\t\t\t<\/div>\n\t\t\t\t<div class=\"elementor-element elementor-element-79a3a9d elementor-invisible elementor-widget elementor-widget-text-editor\" data-id=\"79a3a9d\" data-element_type=\"widget\" data-settings=\"{&quot;_animation&quot;:&quot;fadeInUp&quot;}\" data-widget_type=\"text-editor.default\">\n\t\t\t\t<div class=\"elementor-widget-container\">\n\t\t\t\t\t\t\t\t\t<ul style=\"list-style-type: square;\"><li><p><span style=\"font-size: 18pt;\">Applications mobiles &amp; Developpement web<\/span><\/p><\/li><li><p><span style=\"font-size: 18pt;\">Cybers\u00e9curit\u00e9<\/span><\/p><\/li><li><p><span style=\"font-size: 18pt;\">Intelligence artificielle (IA)<\/span><\/p><\/li><li><span style=\"font-size: 18pt;\">Big Data et Data Analytics<\/span><\/li><\/ul>\t\t\t\t\t\t\t\t<\/div>\n\t\t\t\t<\/div>\n\t\t\t\t<\/div>\n\t\t<div class=\"elementor-element elementor-element-afbd2f6 e-con-full e-flex e-con e-child\" data-id=\"afbd2f6\" data-element_type=\"container\" data-settings=\"{&quot;background_background&quot;:&quot;slideshow&quot;,&quot;background_slideshow_gallery&quot;:[{&quot;id&quot;:284,&quot;url&quot;:&quot;https:\\\/\\\/incubator.cerist.dz\\\/wp-content\\\/uploads\\\/2025\\\/01\\\/S2.jpg&quot;}],&quot;background_slideshow_loop&quot;:&quot;yes&quot;,&quot;background_slideshow_slide_duration&quot;:5000,&quot;background_slideshow_slide_transition&quot;:&quot;fade&quot;,&quot;background_slideshow_transition_duration&quot;:500}\">\n\t\t\t\t<div class=\"elementor-element elementor-element-5591573 elementor-invisible elementor-widget elementor-widget-heading\" data-id=\"5591573\" data-element_type=\"widget\" data-settings=\"{&quot;_animation&quot;:&quot;fadeInUp&quot;}\" data-widget_type=\"heading.default\">\n\t\t\t\t<div class=\"elementor-widget-container\">\n\t\t\t\t\t<h2 class=\"elementor-heading-title elementor-size-default\">Technologies \u00e0 fort potentiel<\/h2>\t\t\t\t<\/div>\n\t\t\t\t<\/div>\n\t\t\t\t<div class=\"elementor-element elementor-element-a13c0d5 elementor-invisible elementor-widget elementor-widget-text-editor\" data-id=\"a13c0d5\" data-element_type=\"widget\" data-settings=\"{&quot;_animation&quot;:&quot;fadeInUp&quot;}\" data-widget_type=\"text-editor.default\">\n\t\t\t\t<div class=\"elementor-widget-container\">\n\t\t\t\t\t\t\t\t\t<ul style=\"list-style-type: square;\"><li><p><span style=\"font-size: 18pt;\">Internet des Objets (IoT)<\/span><\/p><\/li><li><p><span style=\"font-size: 18pt;\">Vision par ordinateur<\/span><\/p><\/li><li><p><span style=\"font-size: 18pt;\">R\u00e9alit\u00e9 virtuelle (VR) et r\u00e9alit\u00e9 augment\u00e9e (AR)<\/span><\/p><\/li><\/ul>\t\t\t\t\t\t\t\t<\/div>\n\t\t\t\t<\/div>\n\t\t\t\t<\/div>\n\t\t<div class=\"elementor-element elementor-element-52ed49e e-con-full e-flex e-con e-child\" data-id=\"52ed49e\" data-element_type=\"container\" data-settings=\"{&quot;background_background&quot;:&quot;slideshow&quot;,&quot;background_slideshow_gallery&quot;:[{&quot;id&quot;:282,&quot;url&quot;:&quot;https:\\\/\\\/incubator.cerist.dz\\\/wp-content\\\/uploads\\\/2025\\\/01\\\/S3.jpg&quot;}],&quot;background_slideshow_loop&quot;:&quot;yes&quot;,&quot;background_slideshow_slide_duration&quot;:5000,&quot;background_slideshow_slide_transition&quot;:&quot;fade&quot;,&quot;background_slideshow_transition_duration&quot;:500}\">\n\t\t\t\t<div class=\"elementor-element elementor-element-be484e3 elementor-invisible elementor-widget elementor-widget-heading\" data-id=\"be484e3\" data-element_type=\"widget\" data-settings=\"{&quot;_animation&quot;:&quot;fadeInUp&quot;}\" data-widget_type=\"heading.default\">\n\t\t\t\t<div class=\"elementor-widget-container\">\n\t\t\t\t\t<h2 class=\"elementor-heading-title elementor-size-default\">Domaines d\u2019application<\/h2>\t\t\t\t<\/div>\n\t\t\t\t<\/div>\n\t\t\t\t<div class=\"elementor-element elementor-element-2b531af elementor-invisible elementor-widget elementor-widget-text-editor\" data-id=\"2b531af\" data-element_type=\"widget\" data-settings=\"{&quot;_animation&quot;:&quot;fadeInUp&quot;}\" data-widget_type=\"text-editor.default\">\n\t\t\t\t<div class=\"elementor-widget-container\">\n\t\t\t\t\t\t\t\t\t<ul style=\"list-style-type: square;\"><li><span style=\"font-size: 18pt;\">E-commerce<\/span><\/li><li><p><span style=\"font-size: 18pt;\">Fintech<\/span><\/p><\/li><li><span style=\"font-size: 18pt;\">Edtech<\/span><\/li><li><p><span style=\"font-size: 18pt;\">Healthcare<\/span><\/p><\/li><li><span style=\"font-size: 18pt;\">Drones<\/span><\/li><li><p><span style=\"font-size: 18pt;\">Smart City et mobilit\u00e9 urbaine<\/span><\/p><\/li><\/ul>\t\t\t\t\t\t\t\t<\/div>\n\t\t\t\t<\/div>\n\t\t\t\t<\/div>\n\t\t\t\t\t<\/div>\n\t\t\t\t<\/div>\n\t\t\t\t<\/div>","protected":false},"excerpt":{"rendered":"<p>Target Technologies for the CERIST Incubator Key Technologies Mobile Applications &amp; Web Development Cybersecurity Artificial Intelligence (AI) Big Data and [&hellip;]<\/p>","protected":false},"author":1,"featured_media":0,"parent":0,"menu_order":0,"comment_status":"closed","ping_status":"closed","template":"","meta":{"site-sidebar-layout":"no-sidebar","site-content-layout":"","ast-site-content-layout":"full-width-container","site-content-style":"default","site-sidebar-style":"default","ast-global-header-display":"","ast-banner-title-visibility":"","ast-main-header-display":"","ast-hfb-above-header-display":"","ast-hfb-below-header-display":"","ast-hfb-mobile-header-display":"","site-post-title":"disabled","ast-breadcrumbs-content":"","ast-featured-img":"disabled","footer-sml-layout":"","theme-transparent-header-meta":"","adv-header-id-meta":"","stick-header-meta":"","header-above-stick-meta":"","header-main-stick-meta":"","header-below-stick-meta":"","astra-migrate-meta-layouts":"default","ast-page-background-enabled":"default","ast-page-background-meta":{"desktop":{"background-color":"var(--ast-global-color-5)","background-image":"","background-repeat":"repeat","background-position":"center center","background-size":"auto","background-attachment":"scroll","background-type":"","background-media":"","overlay-type":"","overlay-color":"","overlay-opacity":"","overlay-gradient":""},"tablet":{"background-color":"","background-image":"","background-repeat":"repeat","background-position":"center center","background-size":"auto","background-attachment":"scroll","background-type":"","background-media":"","overlay-type":"","overlay-color":"","overlay-opacity":"","overlay-gradient":""},"mobile":{"background-color":"","background-image":"","background-repeat":"repeat","background-position":"center center","background-size":"auto","background-attachment":"scroll","background-type":"","background-media":"","overlay-type":"","overlay-color":"","overlay-opacity":"","overlay-gradient":""}},"ast-content-background-meta":{"desktop":{"background-color":"var(--ast-global-color-4)","background-image":"","background-repeat":"repeat","background-position":"center center","background-size":"auto","background-attachment":"scroll","background-type":"","background-media":"","overlay-type":"","overlay-color":"","overlay-opacity":"","overlay-gradient":""},"tablet":{"background-color":"var(--ast-global-color-4)","background-image":"","background-repeat":"repeat","background-position":"center center","background-size":"auto","background-attachment":"scroll","background-type":"","background-media":"","overlay-type":"","overlay-color":"","overlay-opacity":"","overlay-gradient":""},"mobile":{"background-color":"var(--ast-global-color-4)","background-image":"","background-repeat":"repeat","background-position":"center center","background-size":"auto","background-attachment":"scroll","background-type":"","background-media":"","overlay-type":"","overlay-color":"","overlay-opacity":"","overlay-gradient":""}},"footnotes":""},"class_list":["post-43","page","type-page","status-publish","hentry"],"_links":{"self":[{"href":"https:\/\/incubator.cerist.dz\/fr\/wp-json\/wp\/v2\/pages\/43","targetHints":{"allow":["GET"]}}],"collection":[{"href":"https:\/\/incubator.cerist.dz\/fr\/wp-json\/wp\/v2\/pages"}],"about":[{"href":"https:\/\/incubator.cerist.dz\/fr\/wp-json\/wp\/v2\/types\/page"}],"author":[{"embeddable":true,"href":"https:\/\/incubator.cerist.dz\/fr\/wp-json\/wp\/v2\/users\/1"}],"replies":[{"embeddable":true,"href":"https:\/\/incubator.cerist.dz\/fr\/wp-json\/wp\/v2\/comments?post=43"}],"version-history":[{"count":55,"href":"https:\/\/incubator.cerist.dz\/fr\/wp-json\/wp\/v2\/pages\/43\/revisions"}],"predecessor-version":[{"id":742,"href":"https:\/\/incubator.cerist.dz\/fr\/wp-json\/wp\/v2\/pages\/43\/revisions\/742"}],"wp:attachment":[{"href":"https:\/\/incubator.cerist.dz\/fr\/wp-json\/wp\/v2\/media?parent=43"}],"curies":[{"name":"wp","href":"https:\/\/api.w.org\/{rel}","templated":true}]}}